{"id":2,"date":"2015-01-25T22:40:47","date_gmt":"2015-01-25T22:40:47","guid":{"rendered":"http:\/\/digestivointegral.es\/?page_id=2"},"modified":"2026-01-06T17:51:45","modified_gmt":"2026-01-06T17:51:45","slug":"sample-page","status":"publish","type":"page","link":"https:\/\/digestivointegral.es\/","title":{"rendered":"Bienvenidos a Digestivo Integral"},"content":{"rendered":"<p style=\"text-align: justify;\">\n<p data-start=\"146\" data-end=\"655\">Te presentamos <strong data-start=\"161\" data-end=\"183\">Digestivo Integral<\/strong>, una cl\u00ednica fundada en 2014 por el Dr. <strong data-start=\"224\" data-end=\"256\">Jos\u00e9 Francisco Su\u00e1rez Crespo<\/strong>, especialista en Gastroenterolog\u00eda con m\u00e1s de <strong data-start=\"303\" data-end=\"329\">30 a\u00f1os de experiencia<\/strong> y dedicado fundamentalmente al estudio de las <strong data-start=\"376\" data-end=\"415\">Enfermedades Digestivas Funcionales<\/strong>. Digestivo Integral es la <strong data-start=\"442\" data-end=\"470\">\u00fanica cl\u00ednica en Granada<\/strong> que cuenta con un <strong data-start=\"489\" data-end=\"527\">Laboratorio de Motilidad Digestiva<\/strong>, est\u00e1 dotada de las <strong data-start=\"548\" data-end=\"583\">\u00faltimas t\u00e9cnicas de diagn\u00f3stico<\/strong> y se encuentra ubicada en la <strong data-start=\"613\" data-end=\"652\">calle Alhamar n\u00ba 10, 1.\u00ba E, Granada<\/strong>.<\/p>\n<p data-start=\"657\" data-end=\"826\">Adem\u00e1s, tenemos concertada la realizaci\u00f3n del resto de <strong data-start=\"712\" data-end=\"734\">pruebas digestivas<\/strong> con otros profesionales especializados, garantizando as\u00ed una atenci\u00f3n integral al paciente.<\/p>\n<p data-start=\"828\" data-end=\"1405\">Digestivo Integral es tambi\u00e9n un servicio de salud que va m\u00e1s all\u00e1 de un espacio f\u00edsico concreto; por este motivo nace tambi\u00e9n esta web, como parte de nuestra vocaci\u00f3n de cercan\u00eda y divulgaci\u00f3n. En ella iremos ofreciendo de forma peri\u00f3dica informaci\u00f3n puntual sobre noticias y temas de inter\u00e9s relacionados con la patolog\u00eda digestiva que estudiamos, con la intenci\u00f3n de proporcionar un servicio de informaci\u00f3n <strong data-start=\"1238\" data-end=\"1291\">con rigor cient\u00edfico, pero cercano y comprensible<\/strong>, especialmente dirigido a aquellas personas que no tienen formaci\u00f3n m\u00e9dica y padecen alguna enfermedad digestiva.<\/p>\n<p data-start=\"1407\" data-end=\"1610\">Asimismo, nos apoyaremos en las <strong data-start=\"1439\" data-end=\"1457\">redes sociales<\/strong> para mantener un estrecho lazo virtual con todas aquellas personas que padecen, o tienen un familiar cercano que padece, un problema de salud digestiva.<\/p>\n<p><span style=\"color: #333333;\">\u00a0<\/span><\/p>\n<h1 style=\"text-align: center;\"><\/h1>\n<h2 style=\"text-align: center;\"><strong><span style=\"color: #5878af; border: 1px solid #d8d8d8; padding: 5px 5px 5px 5px;\">Conoce nuestras principales exploraciones digestivas y los tratamientos especiales que realizamos<\/span><\/strong><\/h2>\n<p style=\"line-height: 1.3; padding: 1%; float: left; width: 30%; border: 1px solid #d8d8d8; margin-top: 15px; margin-left: 0px;\"><a title=\"Manometr\u00eda esof\u00e1gica\" href=\"http:\/\/digestivointegral.es\/index.php\/nuestra-cartera-de-servicios\/manometria-esofagica\/\"><span style=\"font-size: 13pt; color: #000000;\"><strong>Manometr\u00eda esof\u00e1gica<\/strong><\/span><img loading=\"lazy\" decoding=\"async\" class=\" size-full wp-image-415 aligncenter\" src=\"http:\/\/digestivointegral.es\/wp-content\/uploads\/2015\/03\/esofagica.jpg\" alt=\"esofagica\" width=\"284\" height=\"142\" \/> <span style=\"font-size: 10pt; color: #000000;\">Estudia la actividad y funci\u00f3n motora esof\u00e1gica. Es obligatoria antes de la cirug\u00eda antirreflujo, estudio de la disfagia, dolor tor\u00e1cico no cardiol\u00f3gico y afectaci\u00f3n esof\u00e1gica por enfermedad sist\u00e9mica.<\/span><\/a><\/p>\n<p style=\"line-height: 1.3; padding: 1%; float: left; width: 30%; border: 1px solid #d8d8d8; margin-top: 15px; margin-left: 15px;\"><a href=\"http:\/\/digestivointegral.es\/index.php\/nuestra-cartera-de-servicios\/manometria-anorrectal\/\"><span style=\"font-size: 13pt; color: #000000;\"><strong>Manometr\u00eda anorrectal<\/strong><\/span><img loading=\"lazy\" decoding=\"async\" class=\" size-full wp-image-415 aligncenter\" src=\"http:\/\/digestivointegral.es\/wp-content\/uploads\/2015\/03\/anorrectal.jpg\" alt=\"anorrectal\" width=\"284\" height=\"142\" \/> <span style=\"font-size: 10pt; color: #000000;\">Valora la funci\u00f3n anorrectal, siendo sobre todo usado en el estudio de la incontinencia, estre\u00f1imiento cr\u00f3nico funcional, enfermedades del suelo p\u00e9lvico y proctalgia cr\u00f3nica.<\/span><\/a><\/p>\n<p style=\"line-height: 1.3; padding: 1%; float: left; width: 30%; border: 1px solid #d8d8d8; margin-top: 15px; margin-left: 15px;\"><a href=\"http:\/\/digestivointegral.es\/index.php\/nuestra-cartera-de-servicios\/phmetria-ambulatoria-de-24-horas\/\"><span style=\"font-size: 13pt; color: #000000;\"><strong>pHmetr\u00eda ambulatoria 24 horas<\/strong><\/span><img loading=\"lazy\" decoding=\"async\" class=\" size-full wp-image-415 aligncenter\" src=\"http:\/\/digestivointegral.es\/wp-content\/uploads\/2015\/03\/ph.jpg\" alt=\"ph\" width=\"284\" height=\"142\" \/> <span style=\"font-size: 10pt; color: #000000;\">Estudia la enfermedad por reflujo gastroesof\u00e1gico mediante la monitorizaci\u00f3n totalmente ambulatoria del pH esof\u00e1gico en pacientes con endoscopia normal o s\u00edntomas extradigestivos.<\/span><\/a><\/p>\n<p style=\"line-height: 1.3; padding: 1%; float: left; width: 30%; border: 1px solid #d8d8d8; margin-top: 15px; margin-left: 0px;\"><a title=\"Test de Hidr\u00f3geno Espirado\" href=\"http:\/\/digestivointegral.es\/index.php\/nuestra-cartera-de-servicios\/test-de-hidrogeno-espirado\/\"><span style=\"font-size: 13pt; color: #000000;\"><strong>Test de Hidr\u00f3geno Espirado<\/strong><\/span><img loading=\"lazy\" decoding=\"async\" class=\" size-full wp-image-415 aligncenter\" src=\"http:\/\/digestivointegral.es\/wp-content\/uploads\/2015\/03\/hidrogeno.jpg\" alt=\"hidrogeno\" width=\"284\" height=\"142\" \/><span style=\"font-size: 10pt; color: #000000;\">Mide el gas intestinal, siendo \u00fatil en el estudio de la intolerancia a la lactosa, fructosa, sorbitol, trehalosa, sacarosa, malabsorci\u00f3n intestinal y sobrecrecimiento bacteriano.<\/span><\/a><\/p>\n<p style=\"line-height: 1.3; padding: 1%; float: left; width: 30%; border: 1px solid #d8d8d8; margin-top: 15px; margin-left: 15px;\"><a href=\"http:\/\/digestivointegral.es\/index.php\/nuestra-cartera-de-servicios\/test-de-aliento-helicobacter-pylori\/\"><span style=\"color: #333333;\"><span style=\"font-size: 13pt;\"><strong>Test aliento Helicobacter Pylori<\/strong><\/span><img loading=\"lazy\" decoding=\"async\" class=\" wp-image-504 size-full aligncenter\" src=\"http:\/\/digestivointegral.es\/wp-content\/uploads\/2015\/03\/helicobacter.jpg\" alt=\"\" width=\"284\" height=\"141\" \/><span style=\"font-size: 10pt;\">Esta bacteria infecta el est\u00f3mago y produce gastritis cr\u00f3nica y \u00falcera, siendo esta sencilla exploraci\u00f3n la m\u00e1s sensible para detectarla, incluso superior a la biopsias por endoscopia.<\/span><\/span><\/a><\/p>\n<p style=\"line-height: 1.3; padding: 1%; float: left; width: 30%; border: 1px solid #d8d8d8; margin-top: 15px; margin-left: 15px;\"><span style=\"font-size: 13pt;\"><strong>Ecograf\u00eda abdominal<\/strong><\/span><img loading=\"lazy\" decoding=\"async\" class=\" wp-image-490 size-full aligncenter\" src=\"http:\/\/digestivointegral.es\/wp-content\/uploads\/2015\/03\/eco.jpg\" alt=\"\" width=\"284\" height=\"142\" \/><span style=\"font-size: 10pt;\">T\u00e9cnica inocua que se puede usar incluso en embarazadas. Sirve para ver ves\u00edcula, h\u00edgado, p\u00e1ncreas, etc pero tambi\u00e9n valora reflujo en ni\u00f1os y puede estudiar el vaciamiento g\u00e1strico.<\/span><\/p>\n<p style=\"line-height: 1.3; padding: 1%; float: left; width: 30%; border: 1px solid #d8d8d8; margin-top: 15px; margin-left: 0px;\"><a href=\"http:\/\/digestivointegral.es\/index.php\/nuestra-cartera-de-servicios\/biofeedback-anorrectal\/\"><span style=\"font-size: 13pt; color: #000000;\"><strong>Biofeedback anorrectal<\/strong><\/span><img loading=\"lazy\" decoding=\"async\" class=\" size-full wp-image-464 aligncenter\" src=\"http:\/\/digestivointegral.es\/wp-content\/uploads\/2015\/03\/biof.jpg\" alt=\"biof\" width=\"283\" height=\"142\" \/><span style=\"font-size: 10pt; color: #000000;\">M\u00e9todo no invasivo usado para la reeducaci\u00f3n y tratamiento de las disfunciones del suelo p\u00e9lvico, sobre todo incontinencia anal y estre\u00f1imiento cr\u00f3nico distal.<\/span><\/a><\/p>\n<p style=\"line-height: 1.3; padding: 1%; float: left; width: 30%; border: 1px solid #d8d8d8; margin-top: 15px; margin-left: 15px;\"><span style=\"color: #000000;\"><a style=\"color: #000000;\" href=\"http:\/\/digestivointegral.es\/index.php\/nuestra-cartera-de-servicios\/electromodulacion-tibial-posterior\/\"><span style=\"font-size: 13pt;\"><strong>Electromodulaci\u00f3n tibial posterior<\/strong><\/span><img loading=\"lazy\" decoding=\"async\" class=\" wp-image-466 size-full aligncenter\" src=\"http:\/\/digestivointegral.es\/wp-content\/uploads\/2015\/03\/electroestimulaciontibialposterior.jpg\" alt=\"\" width=\"283\" height=\"142\" \/><span style=\"font-size: 10pt;\">Estimula por v\u00eda retr\u00f3grada las raices sacras y nervio pudendo. Se usa en el tratamiento de disfunciones del suelo p\u00e9lvico con incontinencia urinaria o anal y dolor perineal cr\u00f3nico.<\/span><\/a><\/span><\/p>\n<p style=\"line-height: 1.3; padding: 1%; float: left; width: 30%; border: 1px solid #d8d8d8; margin-top: 15px; margin-left: 15px;\"><span style=\"color: #000000;\"><a style=\"color: #000000;\" href=\"http:\/\/digestivointegral.es\/index.php\/nuestra-cartera-de-servicios\/tiempo-de-transito-colonico-con-marcadores-radiopacos\/\"><span style=\"font-size: 13pt;\"><strong>Tr\u00e1nsito col\u00f3nico con marcadores<\/strong><\/span><img loading=\"lazy\" decoding=\"async\" class=\" wp-image-480 size-full aligncenter\" src=\"http:\/\/digestivointegral.es\/wp-content\/uploads\/2015\/03\/marcadores.jpg\" alt=\"\" width=\"283\" height=\"141\" \/><span style=\"font-size: 10pt;\">Exploraci\u00f3n muy \u00fatil en la valoraci\u00f3n del estre\u00f1imiento cr\u00f3nico funcional, ayudando a conocer el tiempo en el que las heces son capaces de transitar por el colon.<\/span><\/a><\/span><\/p>\n","protected":false},"excerpt":{"rendered":"<p>Te presentamos Digestivo Integral, una cl\u00ednica fundada en 2014 por el Dr. Jos\u00e9 Francisco Su\u00e1rez Crespo, especialista en Gastroenterolog\u00eda con m\u00e1s de 30 a\u00f1os de experiencia y dedicado fundamentalmente al estudio de las Enfermedades Digestivas Funcionales. Digestivo Integral es la \u00fanica cl\u00ednica en Granada que cuenta con un Laboratorio de Motilidad Digestiva, est\u00e1 dotada de &hellip; <\/p>\n<p><a class=\"more-link block-button\" href=\"https:\/\/digestivointegral.es\/\">Continuar leyendo &raquo;<\/a><\/p>\n","protected":false},"author":1,"featured_media":385,"parent":0,"menu_order":1,"comment_status":"open","ping_status":"closed","template":"template-onecolumn.php","meta":{"ngg_post_thumbnail":0,"footnotes":""},"class_list":["post-2","page","type-page","status-publish","has-post-thumbnail","hentry","nodate"],"_links":{"self":[{"href":"https:\/\/digestivointegral.es\/index.php\/wp-json\/wp\/v2\/pages\/2","targetHints":{"allow":["GET"]}}],"collection":[{"href":"https:\/\/digestivointegral.es\/index.php\/wp-json\/wp\/v2\/pages"}],"about":[{"href":"https:\/\/digestivointegral.es\/index.php\/wp-json\/wp\/v2\/types\/page"}],"author":[{"embeddable":true,"href":"https:\/\/digestivointegral.es\/index.php\/wp-json\/wp\/v2\/users\/1"}],"replies":[{"embeddable":true,"href":"https:\/\/digestivointegral.es\/index.php\/wp-json\/wp\/v2\/comments?post=2"}],"version-history":[{"count":148,"href":"https:\/\/digestivointegral.es\/index.php\/wp-json\/wp\/v2\/pages\/2\/revisions"}],"predecessor-version":[{"id":1596,"href":"https:\/\/digestivointegral.es\/index.php\/wp-json\/wp\/v2\/pages\/2\/revisions\/1596"}],"wp:featuredmedia":[{"embeddable":true,"href":"https:\/\/digestivointegral.es\/index.php\/wp-json\/wp\/v2\/media\/385"}],"wp:attachment":[{"href":"https:\/\/digestivointegral.es\/index.php\/wp-json\/wp\/v2\/media?parent=2"}],"curies":[{"name":"wp","href":"https:\/\/api.w.org\/{rel}","templated":true}]}}