{"id":314,"date":"2015-02-23T17:53:45","date_gmt":"2015-02-23T17:53:45","guid":{"rendered":"http:\/\/digestivointegral.es\/?page_id=314"},"modified":"2026-01-10T10:01:48","modified_gmt":"2026-01-10T10:01:48","slug":"contacto","status":"publish","type":"page","link":"https:\/\/digestivointegral.es\/index.php\/contacto\/","title":{"rendered":"Contacto"},"content":{"rendered":"<div style=\"padding: 10px; float: left; width: 45%; text-align: justify;\">\n<div role=\"form\" class=\"wpcf7\" id=\"wpcf7-f61-o1\" lang=\"es-ES\" dir=\"ltr\">\n<div class=\"screen-reader-response\"><\/div>\n<form action=\"\/index.php\/wp-json\/wp\/v2\/pages\/314#wpcf7-f61-o1\" method=\"post\" class=\"wpcf7-form\" enctype=\"multipart\/form-data\" novalidate=\"novalidate\">\n<div style=\"display: none;\">\n<input type=\"hidden\" name=\"_wpcf7\" value=\"61\" \/>\n<input type=\"hidden\" name=\"_wpcf7_version\" value=\"4.8\" \/>\n<input type=\"hidden\" name=\"_wpcf7_locale\" value=\"es_ES\" \/>\n<input type=\"hidden\" name=\"_wpcf7_unit_tag\" value=\"wpcf7-f61-o1\" \/>\n<input type=\"hidden\" name=\"_wpcf7_container_post\" value=\"0\" \/>\n<input type=\"hidden\" name=\"_wpcf7_nonce\" value=\"37503e00ef\" \/>\n<\/div>\n<p style=\"text-align: justify\">Puede usar este formulario para lo que considere oportuno:  pedirnos cita,  preguntarnos dudas o si usted ya es paciente nuestro, enviarnos informaci\u00f3n relativa a la consulta, como por ejemplo ficheros adjuntos de pruebas que se ha realizado.\n<\/p>\n<p>Para asegurarle un buen servicio debe incluir todos los datos necesarios, siendo muy importante que compruebe antes de pulsar enviar que su email est\u00e1 correctamente escrito y si lo que quiere es pedirnos una cita para consulta o prueba, en el cuerpo del mensaje ser\u00eda conveniente incluirnos al menos un n\u00famero de tel\u00e9fono para contacto.<\/p>\n<p>&nbsp;<\/p>\n<p>Nombre<br \/>\n    <span class=\"wpcf7-form-control-wrap your-name\"><input type=\"text\" name=\"your-name\" value=\"\" size=\"50\" class=\"wpcf7-form-control wpcf7-text wpcf7-validates-as-required\" aria-required=\"true\" aria-invalid=\"false\" \/><\/span><\/p>\n<p>Apellidos<br \/>\n    <span class=\"wpcf7-form-control-wrap your-surname\"><input type=\"text\" name=\"your-surname\" value=\"\" size=\"50\" class=\"wpcf7-form-control wpcf7-text wpcf7-validates-as-required\" aria-required=\"true\" aria-invalid=\"false\" \/><\/span><\/p>\n<p>Ciudad (si fuera de Espa\u00f1a poner tambi\u00e9n pa\u00eds)<br \/>\n    <span class=\"wpcf7-form-control-wrap your-city\"><input type=\"text\" name=\"your-city\" value=\"\" size=\"50\" class=\"wpcf7-form-control wpcf7-text wpcf7-validates-as-required\" aria-required=\"true\" aria-invalid=\"false\" \/><\/span><\/p>\n<p>Email (si no es v\u00e1lido no se podr\u00e1 contactar)<br \/>\n    <span class=\"wpcf7-form-control-wrap your-email\"><input type=\"email\" name=\"your-email\" value=\"\" size=\"50\" class=\"wpcf7-form-control wpcf7-text wpcf7-email wpcf7-validates-as-required wpcf7-validates-as-email\" aria-required=\"true\" aria-invalid=\"false\" \/><\/span><\/p>\n<p>Repita Email (compruebe que coinciden)<br \/>\n    <span class=\"wpcf7-form-control-wrap your-email-confirm\"><input type=\"email\" name=\"your-email-confirm\" value=\"\" size=\"50\" class=\"wpcf7-form-control wpcf7-text wpcf7-email wpcf7-validates-as-required wpcf7-validates-as-email\" aria-required=\"true\" aria-invalid=\"false\" \/><\/span><br \/>\n<span id=\"wpcf7-69e19a71bb95a-wrapper\" class=\"wpcf7-form-control-wrap DigestivoIntegral-wrap\" style=\"display:none !important; visibility:hidden !important;\"><label for=\"wpcf7-69e19a71bb95a-field\" class=\"hp-message\">Por favor, deja este campo vac\u00edo.<\/label><input id=\"wpcf7-69e19a71bb95a-field\"  class=\"wpcf7-form-control wpcf7-text\" type=\"text\" name=\"DigestivoIntegral\" value=\"\" size=\"40\" tabindex=\"-1\" autocomplete=\"new-password\" \/><\/span><\/p>\n<p>Asunto<br \/>\n    <span class=\"wpcf7-form-control-wrap your-subject\"><input type=\"text\" name=\"your-subject\" value=\"\" size=\"50\" class=\"wpcf7-form-control wpcf7-text wpcf7-validates-as-required\" aria-required=\"true\" aria-invalid=\"false\" \/><\/span><\/p>\n<p>Su Mensaje (si es para una cita ind\u00edquenos tambi\u00e9n su tel\u00e9fono)<br \/>\n    <span class=\"wpcf7-form-control-wrap your-message\"><textarea name=\"your-message\" cols=\"70\" rows=\"5\" class=\"wpcf7-form-control wpcf7-textarea wpcf7-validates-as-required\" aria-required=\"true\" aria-invalid=\"false\"><\/textarea><\/span>&nbsp;<\/p>\n<p>Archivos adjuntos (opcional)<br \/>\n<span class=\"wpcf7-form-control-wrap file-83\"><input type=\"file\" name=\"file-83\" size=\"40\" class=\"wpcf7-form-control wpcf7-file\" aria-invalid=\"false\" \/><\/span>&nbsp;<\/p>\n<div>\n<p style=\"font-size:80%; line-height: 12px; text-align: justify\">Antes de pulsar ENVIAR tiene que completar todos los campos, incluido el c\u00f3digo antispam Captcha, siendo muy importante sobre todo que compruebe que su email est\u00e9 bien escrito. Aunque el sistema le avisar\u00e1 de que el env\u00edo se ha realizado con \u00e9xito, usted recibir\u00e1 despu\u00e9s un correo autom\u00e1tico de confirmaci\u00f3n; si no lo recibe en unos segundos puede deberse a que el email de contacto que introdujo no era correcto, en ese caso vuelva a intentarlo comprob\u00e1ndolo bien todo. Tan pronto como nos sea posible le contestaremos personalmente a las cuestiones que nos solicite. El uso de este formulario de contacto implica que se han le\u00eddo y aceptado la pol\u00edtica de privacidad. Los datos personales recogidos ser\u00e1n incorporados y tratados en una base de datos cuya finalidad es la ofrecerle un mejor servicio y atenci\u00f3n. Podr\u00e1n ejercitarse los derechos de acceso, cancelaci\u00f3n, rectificaci\u00f3n y oposici\u00f3n mediante escrito dirigido a info@funcionales.es<\/p>\n<\/div>\n<p>&nbsp;<\/p>\n<p>Para completar es necesario rellenar estos dos filtros anti-spam:<\/p>\n<p>Introduzca c\u00f3digo Captcha (Obligatorio): <input type=\"hidden\" name=\"_wpcf7_captcha_challenge_captcha-701\" value=\"1\" \/><img loading=\"lazy\" decoding=\"async\" class=\"wpcf7-form-control wpcf7-captchac wpcf7-captcha-captcha-701\" width=\"72\" height=\"24\" alt=\"captcha\" src=\"https:\/\/digestivointegral.es\/wp-content\/uploads\/wpcf7_captcha\/1.png\" \/><\/p>\n<p><span class=\"wpcf7-form-control-wrap captcha-701\"><input type=\"text\" name=\"captcha-701\" value=\"\" size=\"40\" class=\"wpcf7-form-control wpcf7-captchar\" autocomplete=\"off\" aria-invalid=\"false\" \/><\/span><\/p>\n<p><p class=\"dscf7captcha\"><input name=\"dscf7_hidden_val1-dscf7captcha-789\" id=\"dscf7_hidden_val1-dscf7captcha-789\" type=\"hidden\" value=\"3\" \/><input name=\"dscf7_hidden_val2-dscf7captcha-789\" id=\"dscf7_hidden_val2-dscf7captcha-789\" type=\"hidden\" value=\"5\" \/><input name=\"dscf7_hidden_action-dscf7captcha-789\" id=\"dscf7_hidden_action-dscf7captcha-789\" type=\"hidden\" value=\"x\" \/>Introduzca el valor de esta operaci\u00f3n: <span class=\"cf7as-firstAct\">5<\/span> x<span class=\"cf7as-firstAct\"> 3<\/span> (Obligatorio) <a href=\"javascript:void(0)\" id=dscf7captcha-789 class=\"dscf7_refresh_captcha\"><img decoding=\"async\" class=\"dscf7_captcha_icon\" src=\"http:\/\/digestivointegral.es\/wp-content\/plugins\/ds-cf7-math-captcha\/assets\/img\/icons8-refresh-30.png\"\/><img decoding=\"async\" class=\"dscf7_captcha_reload_icon\" src=\"http:\/\/digestivointegral.es\/wp-content\/plugins\/ds-cf7-math-captcha\/assets\/img\/446bcd468478f5bfb7b4e5c804571392_w200.gif\" style=\"display:none; width:30px\" \/><\/a><br><span class=\"wpcf7-form-control-wrap dscf7captcha-789\"> <input type=\"text\" aria-invalid=\"false\" aria-required=\"true\" class=\"wpcf7-form-control wpcf7-text wpcf7-validates-as-required\" size=\"5\" value=\"\" name=\"dscf7captcha-789\" placeholder=\"Type your answer\" style=\"width:200px;margin-bottom:10px;\" oninput=\"this.value = this.value.replace(\/[^0-9.]\/g, '').replace(\/(\\..*)\\.\/g, '$1');\"><\/span><\/p><br \/>\n<br  \/><\/p>\n<div style=\"float:left; width: 80%;\">He le\u00eddo y acepto la <a href=\"http:\/\/digestivointegral.es\/index.php\/aviso-legal\/\" target=\"_blank\">pol\u00edtica de privacidad de datos<\/a> <span class=\"wpcf7-form-control-wrap aceptar\"><input type=\"checkbox\" name=\"aceptar\" value=\"1\" class=\"wpcf7-form-control wpcf7-acceptance\" aria-invalid=\"false\" \/><\/span><\/div>\n<div style=\"float:left\"><input type=\"submit\" value=\"Enviar\" class=\"wpcf7-form-control wpcf7-submit\" \/><\/div>\n<div class=\"wpcf7-response-output wpcf7-display-none\"><\/div><\/form><\/div>\n<\/div>\n<div style=\"padding: 10px; float: right; width: 45%; text-align: left;\"><\/div>\n<div style=\"padding: 10px; float: right; width: 45%; text-align: left;\">\n<p style=\"text-align: center;\"><span style=\"font-size: 18pt;\"><strong>DIGESTIVO INTEGRAL<\/strong><\/span><\/p>\n<div id=\"mapa\" style=\"text-align: center;\">\n<div style=\"text-align: center;\"><strong><span style=\"color: #000000; font-size: 14pt;\">Dr. Jos\u00e9 Francisco Su\u00e1rez Crespo.<\/span><\/strong><\/div>\n<div style=\"text-align: center;\"><span style=\"color: #000000; font-size: 12pt;\"><span style=\"color: #0a75c2;\"><span style=\"color: #000000;\">tel\u00e9fono:<\/span> <strong><span style=\"font-size: 14pt;\">646 643 871<\/span><\/strong><\/span><\/span><\/div>\n<\/div>\n<div style=\"text-align: center;\"><span style=\"font-size: 14pt;\">C\/ Alhamar 10, 1-E. 18005 Granada<\/span><\/div>\n<div style=\"text-align: center;\">\n<p><span style=\"color: #000000; font-size: 14pt;\"><span style=\"font-size: 12pt;\">e-mail informaci\u00f3n:<span style=\"color: #0a75c2;\">\u00a0<\/span><\/span><a href=\"mailto:info@digestivointegral.es\"><span style=\"color: #336699;\"><span style=\"color: #336699;\"><span style=\"color: #0a75c2;\">info@digestivointegral.es\u00a0<\/span><\/span><\/span><\/a><\/span><\/p>\n<\/div>\n<div style=\"text-align: center;\"><span style=\"font-size: 14pt;\">\u00a0<\/span><\/div>\n<div style=\"text-align: center;\"><\/div>\n<div>\n<hr \/>\n<p><iframe loading=\"lazy\" style=\"border: 0;\" src=\"https:\/\/www.google.com\/maps\/embed?pb=!1m14!1m8!1m3!1d12717.24213884649!2d-3.6008785!3d37.1690905!3m2!1i1024!2i768!4f13.1!3m3!1m2!1s0x0%3A0x66c187c710a3dda2!2sCentro%20Digestivo%20Integral!5e0!3m2!1ses!2ses!4v1661365743149!5m2!1ses!2ses\" width=\"450\" height=\"500\" frameborder=\"0\" allowfullscreen=\"allowfullscreen\"><\/iframe><\/p>\n<hr \/>\n<p><a href=\"http:\/\/digestivointegral.es\/wp-content\/uploads\/2026\/01\/Contacto-DI-e1768038626735.jpeg\"><img loading=\"lazy\" decoding=\"async\" class=\"aligncenter wp-image-1510 size-full\" src=\"http:\/\/digestivointegral.es\/wp-content\/uploads\/2026\/01\/Contacto-DI-e1768038626735.jpeg\" alt=\"\" width=\"500\" height=\"375\" srcset=\"https:\/\/digestivointegral.es\/wp-content\/uploads\/2026\/01\/Contacto-DI-e1768038626735.jpeg 500w, https:\/\/digestivointegral.es\/wp-content\/uploads\/2026\/01\/Contacto-DI-e1768038626735-300x225.jpeg 300w, https:\/\/digestivointegral.es\/wp-content\/uploads\/2026\/01\/Contacto-DI-e1768038626735-100x75.jpeg 100w\" sizes=\"auto, (max-width: 500px) 100vw, 500px\" \/><\/a><a><br \/>\n<\/a><\/p>\n<\/div>\n<\/div>\n","protected":false},"excerpt":{"rendered":"<p>DIGESTIVO INTEGRAL Dr. Jos\u00e9 Francisco Su\u00e1rez Crespo. tel\u00e9fono: 646 643 871 C\/ Alhamar 10, 1-E. 18005 Granada e-mail informaci\u00f3n:\u00a0info@digestivointegral.es\u00a0 \u00a0<\/p>\n","protected":false},"author":2,"featured_media":337,"parent":0,"menu_order":0,"comment_status":"open","ping_status":"open","template":"template-onecolumn.php","meta":{"ngg_post_thumbnail":0,"footnotes":""},"class_list":["post-314","page","type-page","status-publish","has-post-thumbnail","hentry","nodate"],"_links":{"self":[{"href":"https:\/\/digestivointegral.es\/index.php\/wp-json\/wp\/v2\/pages\/314","targetHints":{"allow":["GET"]}}],"collection":[{"href":"https:\/\/digestivointegral.es\/index.php\/wp-json\/wp\/v2\/pages"}],"about":[{"href":"https:\/\/digestivointegral.es\/index.php\/wp-json\/wp\/v2\/types\/page"}],"author":[{"embeddable":true,"href":"https:\/\/digestivointegral.es\/index.php\/wp-json\/wp\/v2\/users\/2"}],"replies":[{"embeddable":true,"href":"https:\/\/digestivointegral.es\/index.php\/wp-json\/wp\/v2\/comments?post=314"}],"version-history":[{"count":61,"href":"https:\/\/digestivointegral.es\/index.php\/wp-json\/wp\/v2\/pages\/314\/revisions"}],"predecessor-version":[{"id":1512,"href":"https:\/\/digestivointegral.es\/index.php\/wp-json\/wp\/v2\/pages\/314\/revisions\/1512"}],"wp:featuredmedia":[{"embeddable":true,"href":"https:\/\/digestivointegral.es\/index.php\/wp-json\/wp\/v2\/media\/337"}],"wp:attachment":[{"href":"https:\/\/digestivointegral.es\/index.php\/wp-json\/wp\/v2\/media?parent=314"}],"curies":[{"name":"wp","href":"https:\/\/api.w.org\/{rel}","templated":true}]}}