{"id":554,"date":"2015-03-22T23:36:43","date_gmt":"2015-03-22T23:36:43","guid":{"rendered":"http:\/\/digestivointegral.es\/?page_id=554"},"modified":"2026-02-15T17:01:33","modified_gmt":"2026-02-15T17:01:33","slug":"descargas","status":"publish","type":"page","link":"https:\/\/digestivointegral.es\/index.php\/descargas\/","title":{"rendered":"Descargas"},"content":{"rendered":"<p>Pulsa sobre el enlace deseado y podr\u00e1s desc\u00e1rgate un pdf con la informaci\u00f3n solicitada.<\/p>\n<h3><strong><span style=\"color: #477ede;\">\u00bfAntes de una prueba?<\/span><\/strong><\/h3>\n<p><span style=\"color: #333399;\"><strong>&#8211;<\/strong><a style=\"color: #333399;\" href=\"http:\/\/digestivointegral.es\/wp-content\/uploads\/2026\/01\/Consentimiento-Manometria-esofagica.pdf\"> Manometr\u00eda esof\u00e1gica<\/a><\/span><\/p>\n<p><span style=\"color: #333399;\"> <a style=\"color: #333399;\" href=\"http:\/\/digestivointegral.es\/wp-content\/uploads\/2026\/01\/Consentimiento-pHmetria-de-24-horas.pdf\">&#8211; pHmetr\u00eda de 24 horas<\/a><\/span><\/p>\n<p><span style=\"color: #333399;\"> &#8211;<a style=\"color: #333399;\" href=\"http:\/\/digestivointegral.es\/wp-content\/uploads\/2026\/01\/Cosentimiento-Manometria-Anorrectal.pdf\">&nbsp;Manometr\u00eda anorrectal<\/a><\/span><\/p>\n<p><span style=\"color: #333399;\"> &#8211;<a style=\"color: #333399;\" href=\"http:\/\/digestivointegral.es\/wp-content\/uploads\/2026\/01\/Consentimiento-Biofeedback.pdf\">&nbsp;Biofeedback anorrectal<\/a><\/span><\/p>\n<p><span style=\"color: #333399;\"> <a style=\"color: #333399;\" href=\"http:\/\/digestivointegral.es\/wp-content\/uploads\/2026\/01\/Cosentimiento-Transito-colonico-con-marcadores.pdf\">&#8211; Tiempo de tr\u00e1nsito col\u00f3nico con marcadores radiopacos<\/a><\/span><\/p>\n<p><span style=\"color: #333399;\"> <a style=\"color: #333399;\" href=\"http:\/\/digestivointegral.es\/wp-content\/uploads\/2026\/01\/Consentimiento-Hidrogeno-espirado.pdf\">&#8211; Test de Hidr\u00f3geno espirado<\/a><\/span><\/p>\n<p><a href=\"http:\/\/digestivointegral.es\/wp-content\/uploads\/2026\/01\/Consentimiento-Test-aliento-C13-Helicobacter-pylori.pdf\"><span style=\"color: #333399;\"> &#8211; Test de aliento C13 Helicobacter Pylori<\/span><\/a><\/p>\n<p><span style=\"color: #333399;\"> &#8211; Ecograf\u00eda abdominal<\/span><\/p>\n<h3><strong><span style=\"color: #477ede;\">\u00bfUna dieta?<\/span><\/strong><\/h3>\n<p><span style=\"color: #333399;\">&#8211;<a style=\"color: #333399;\" href=\"http:\/\/funcionales.es\/formulario-dieta-sin-lactosa-sin-fructosa-sorbitol\/\">&nbsp;Dieta pobre en lactosa<\/a><\/span><\/p>\n<p><span style=\"color: #333399;\"> &#8211;<a style=\"color: #333399;\" href=\"http:\/\/funcionales.es\/formulario-dieta-sin-lactosa-sin-fructosa-sorbitol\/\">&nbsp;Dieta pobre en fructosa-sorbitol<\/a><\/span><\/p>\n<p><span style=\"color: #333399;\"> &#8211;<a style=\"color: #333399;\" href=\"https:\/\/www.seghnp.org\/familias\/dieta-sin-gluten\" data-wplink-edit=\"true\"> Dieta sin gluten (celiaqu\u00eda)<\/a><\/span><\/p>\n\n\n<p><\/p>\n","protected":false},"excerpt":{"rendered":"<p>Pulsa sobre el enlace deseado y podr\u00e1s desc\u00e1rgate un pdf con la informaci\u00f3n solicitada. \u00bfAntes de una prueba? &#8211; Manometr\u00eda esof\u00e1gica &#8211; pHmetr\u00eda de 24 horas &#8211;&nbsp;Manometr\u00eda anorrectal &#8211;&nbsp;Biofeedback anorrectal &#8211; Tiempo de tr\u00e1nsito col\u00f3nico con marcadores radiopacos &#8211; Test de Hidr\u00f3geno espirado &#8211; Test de aliento C13 Helicobacter Pylori &#8211; Ecograf\u00eda abdominal \u00bfUna dieta? &hellip; <\/p>\n<p><a class=\"more-link block-button\" href=\"https:\/\/digestivointegral.es\/index.php\/descargas\/\">Continuar leyendo &raquo;<\/a><\/p>\n","protected":false},"author":2,"featured_media":142,"parent":0,"menu_order":0,"comment_status":"open","ping_status":"open","template":"","meta":{"ngg_post_thumbnail":0,"footnotes":""},"class_list":["post-554","page","type-page","status-publish","has-post-thumbnail","hentry","nodate"],"_links":{"self":[{"href":"https:\/\/digestivointegral.es\/index.php\/wp-json\/wp\/v2\/pages\/554","targetHints":{"allow":["GET"]}}],"collection":[{"href":"https:\/\/digestivointegral.es\/index.php\/wp-json\/wp\/v2\/pages"}],"about":[{"href":"https:\/\/digestivointegral.es\/index.php\/wp-json\/wp\/v2\/types\/page"}],"author":[{"embeddable":true,"href":"https:\/\/digestivointegral.es\/index.php\/wp-json\/wp\/v2\/users\/2"}],"replies":[{"embeddable":true,"href":"https:\/\/digestivointegral.es\/index.php\/wp-json\/wp\/v2\/comments?post=554"}],"version-history":[{"count":13,"href":"https:\/\/digestivointegral.es\/index.php\/wp-json\/wp\/v2\/pages\/554\/revisions"}],"predecessor-version":[{"id":1741,"href":"https:\/\/digestivointegral.es\/index.php\/wp-json\/wp\/v2\/pages\/554\/revisions\/1741"}],"wp:featuredmedia":[{"embeddable":true,"href":"https:\/\/digestivointegral.es\/index.php\/wp-json\/wp\/v2\/media\/142"}],"wp:attachment":[{"href":"https:\/\/digestivointegral.es\/index.php\/wp-json\/wp\/v2\/media?parent=554"}],"curies":[{"name":"wp","href":"https:\/\/api.w.org\/{rel}","templated":true}]}}