{"id":696,"date":"2015-03-27T18:57:34","date_gmt":"2015-03-27T18:57:34","guid":{"rendered":"http:\/\/digestivointegral.es\/?page_id=696"},"modified":"2026-01-25T17:03:29","modified_gmt":"2026-01-25T17:03:29","slug":"manometria-anorrectal","status":"publish","type":"page","link":"https:\/\/digestivointegral.es\/index.php\/nuestra-cartera-de-servicios\/manometria-anorrectal\/","title":{"rendered":"Manometr\u00eda anorrectal"},"content":{"rendered":"<p><span style=\"color: #333399;\"><strong>\u00bfQu\u00e9 es y para qu\u00e9 sirve?.<\/strong><\/span><\/p>\n<div>\n<p>Es la exploraci\u00f3n de elecci\u00f3n para evaluar la funci\u00f3n anorrectal, sobre todo en casos de estre\u00f1imiento, incontinencia o dolor anal de origen desconocido (m\u00e1s abajo se describen sus indicaciones).<\/p>\n<p>Consiste en la medici\u00f3n de presiones dentro del ano y recto, tanto en reposo como durante la continencia o defecaci\u00f3n. Adem\u00e1s nos permite evaluar otros par\u00e1metros como la sensibilidad y distensibilidad rectal, reflejos rectoanales, capacidad expulsiva, etc.<\/p>\n<p>&nbsp;<\/p>\n<p><span style=\"color: #333399;\"><strong>\u00bfSe puede sustituir por otras pruebas?.<\/strong><\/span><\/p>\n<p>Generalmente no, ya que aunque pueden ser necesarias otras pruebas para el correcto estudio de estas enfermedades (enema opaco, colonoscopia, ecograf\u00eda endonanal, etc), la informaci\u00f3n que se obtiene con la manometr\u00eda no puede sustituirse por ninguna otra exploraci\u00f3n.<\/p>\n<p>&nbsp;<\/p>\n<p><span style=\"color: #333399;\"><strong>\u00bfC\u00f3mo se realiza?. \u00bfCu\u00e1nto dura?.<\/strong><\/span><\/p>\n<p>Con el paciente tumbado de lado en una camilla, se coloca una peque\u00f1a sonda de pl\u00e1stico flexible de unos 3 a 4 mm de di\u00e1metro, con un bal\u00f3n de l\u00e1tex desinflado en la punta. Esta se coloca unos 10 cms por v\u00eda rectal, impregnada con un poco de vaselina y en algunos casos con un poco de lubricante anest\u00e9sico.<\/p>\n<p>La prueba dura unos 15 a 20 minutos, seg\u00fan los casos. Durante esta se miden distintos par\u00e1metros (se describen en esta p\u00e1gina, un poco m\u00e1s abajo).<\/p>\n<p>Tras acabar el estudio, el m\u00e9dico suele realizar un tacto rectal, que completar\u00e1 la informaci\u00f3n de la manometr\u00eda (el tacto nunca se realiza antes, porque puede alterar los valores del complejo esf\u00ednteriano anal).<\/p>\n<p><a href=\"http:\/\/digestivointegral.es\/wp-content\/uploads\/2015\/03\/mar3.jpg\"><img loading=\"lazy\" decoding=\"async\" class=\"alignnone wp-image-701\" title=\"Sonda de manometr\u00eda anorrectal radial en 8 canales de Mui Scientific (Canada). Este cat\u00e9ter posee un material de alta calidad y es de peque\u00f1o calibre, por lo que la exploraci\u00f3n es indolora.\" src=\"http:\/\/digestivointegral.es\/wp-content\/uploads\/2015\/03\/ano.jpg\" alt=\"\" width=\"200\" height=\"168\" srcset=\"https:\/\/digestivointegral.es\/wp-content\/uploads\/2015\/03\/ano.jpg 384w, https:\/\/digestivointegral.es\/wp-content\/uploads\/2015\/03\/ano-300x252.jpg 300w\" sizes=\"auto, (max-width: 200px) 100vw, 200px\" \/><img loading=\"lazy\" decoding=\"async\" class=\"alignnone wp-image-700\" title=\"Vista parcial (transductores de presi\u00f3n) del equipo de manometr\u00eda de MMS (Netherlands)\" src=\"http:\/\/digestivointegral.es\/wp-content\/uploads\/2015\/03\/ano2.jpg\" alt=\"\" width=\"200\" height=\"168\" srcset=\"https:\/\/digestivointegral.es\/wp-content\/uploads\/2015\/03\/ano2.jpg 384w, https:\/\/digestivointegral.es\/wp-content\/uploads\/2015\/03\/ano2-300x252.jpg 300w\" sizes=\"auto, (max-width: 200px) 100vw, 200px\" \/><img loading=\"lazy\" decoding=\"async\" class=\"alignnone wp-image-699\" title=\"La patolog\u00eda anorrectal es muy frecuente por la complejidad anat\u00f3mica y funcional de esta zona. En esta imagen de manometr\u00eda simulada, se aprecia el bal\u00f3n distal de la sonda alojado en el recto y los canales de presi\u00f3n en el ano.\" src=\"http:\/\/digestivointegral.es\/wp-content\/uploads\/2015\/03\/mar3.jpg\" alt=\"\" width=\"200\" height=\"168\" srcset=\"https:\/\/digestivointegral.es\/wp-content\/uploads\/2015\/03\/mar3.jpg 384w, https:\/\/digestivointegral.es\/wp-content\/uploads\/2015\/03\/mar3-300x252.jpg 300w\" sizes=\"auto, (max-width: 200px) 100vw, 200px\" \/><\/a><\/p>\n<p>&nbsp;<\/p>\n<p><span style=\"color: #333399;\"><strong>\u00bfEs dolorosa?. \u00bfQu\u00e9 riesgos tiene?.<\/strong><\/span><\/p>\n<p>Esta exploraci\u00f3n no es dolorosa, tan solo puede notarse un poco de tenesmo en alg\u00fan momento del estudio (ganas de defecar), pero este suele ser transitorio y poco intenso.<\/p>\n<p>Esta exploraci\u00f3n carece de riesgos relevantes, siendo el sangrado anal y la perforaci\u00f3n rectal complicaciones excepcionales.<\/p>\n<p>&nbsp;<\/p>\n<p><span style=\"color: #333399;\"><strong>\u00bfQu\u00e9 preparaci\u00f3n necesita el paciente antes de la exploraci\u00f3n?<\/strong><\/span><\/p>\n<p>No precisa ayunas ni suspensi\u00f3n de medicaci\u00f3n ni preparaci\u00f3n intestinal con dieta ni laxantes. Solo en aquellos casos en los que existe un estre\u00f1imiento manifiesto, se aconseja poner un enema unas horas antes de la exploraci\u00f3n.<\/p>\n<p>&nbsp;<\/p>\n<p><span style=\"color: #333399;\"><strong>\u00bfDespu\u00e9s de la prueba se puede realizar una actividad normal?<\/strong><\/span><\/p>\n<p>Una vez realizada la prueba puede volver a su actividad normal sin ning\u00fan problema.<\/p>\n<p>&nbsp;<\/p>\n<\/div>\n<p><span style=\"color: #333399;\"><strong>Par\u00e1metros que valora la Manometr\u00eda anorrectal:<\/strong><\/span><\/p>\n<ul>\n<li>Musculo liso (esfinter anal interno): longitud, tono, simetr\u00eda y actividad en reposo.<\/li>\n<li>\u00a0M\u00fasculo estriado (esf\u00ednter anal externo y m\u00fasculo puborrectal): fuerza continente y simetr\u00eda.<\/li>\n<li>\u00a0Reflejos rectoanales: excitatorio e inhibitorio.<\/li>\n<li>\u00a0Sensibilidad rectal: umbral, primera necesidad defecatoria, urgencia defecatoria y m\u00e1ximo vol\u00famen tolerable.<\/li>\n<li>\u00a0Acomodaci\u00f3n o distensibilidad rectal.<\/li>\n<li>\u00a0Maniobra defecatoria y capacidad expulsiva del bal\u00f3n.<\/li>\n<\/ul>\n<p>&nbsp;<\/p>\n<p><span style=\"color: #333399;\"><strong>Principales indicaciones de la Manometr\u00eda anorrectal:<\/strong><\/span><\/p>\n<ul>\n<li>Estre\u00f1imiento de posible origen distal (dificultad expulsiva y falta de necesidad defecatoria)<\/li>\n<li>Incontinencia anal.<\/li>\n<li>Dolor anal de origen incierto (no org\u00e1nico).<\/li>\n<li>Fisura anal.<\/li>\n<li>Cirug\u00eda anorrectal (valorar funci\u00f3n antes y despu\u00e9s de \u00e9sta).<\/li>\n<li>Megacolon (Hirschsprung y adquirido)<\/li>\n<li>Patolog\u00eda del suelo p\u00e9lvico.<\/li>\n<\/ul>\n<p>&nbsp;<\/p>\n<p><span style=\"color: #333399;\"><strong>Ejemplos gr\u00e1ficos de manometr\u00eda anorrectal normal y patol\u00f3gica:\u00a0<\/strong><span style=\"color: #000000;\">(para verlos mejor haz click sobre cada una de las im\u00e1genes).<\/span><\/span><\/p>\nngg_shortcode_0_placeholder\n<p><strong><a href=\"https:\/\/digestivointegral.es\/wp-content\/uploads\/2026\/01\/Cosentimiento-Manometria-Anorrectal.pdf\"><br \/><img loading=\"lazy\" decoding=\"async\" class=\"alignnone wp-image-1681 alignleft\" src=\"http:\/\/digestivointegral.es\/wp-content\/uploads\/2026\/01\/descarga_pdf.jpg\" alt=\"\" width=\"50\" height=\"53\"> <\/a><\/strong><\/p>\n<p>&nbsp;<\/p>\n<p style=\"text-align: left;\">(Descarga informaci\u00f3n para el paciente y consentimiento informado)<\/p>\n<p>&nbsp;<\/p>\n","protected":false},"excerpt":{"rendered":"<p>\u00bfQu\u00e9 es y para qu\u00e9 sirve?. Es la exploraci\u00f3n de elecci\u00f3n para evaluar la funci\u00f3n anorrectal, sobre todo en casos de estre\u00f1imiento, incontinencia o dolor anal de origen desconocido (m\u00e1s abajo se describen sus indicaciones). Consiste en la medici\u00f3n de presiones dentro del ano y recto, tanto en reposo como durante la continencia o defecaci\u00f3n. &hellip; <\/p>\n<p><a class=\"more-link block-button\" href=\"https:\/\/digestivointegral.es\/index.php\/nuestra-cartera-de-servicios\/manometria-anorrectal\/\">Continuar leyendo &raquo;<\/a><\/p>\n","protected":false},"author":2,"featured_media":701,"parent":396,"menu_order":0,"comment_status":"open","ping_status":"open","template":"","meta":{"ngg_post_thumbnail":0,"footnotes":""},"class_list":["post-696","page","type-page","status-publish","has-post-thumbnail","hentry","nodate"],"_links":{"self":[{"href":"https:\/\/digestivointegral.es\/index.php\/wp-json\/wp\/v2\/pages\/696","targetHints":{"allow":["GET"]}}],"collection":[{"href":"https:\/\/digestivointegral.es\/index.php\/wp-json\/wp\/v2\/pages"}],"about":[{"href":"https:\/\/digestivointegral.es\/index.php\/wp-json\/wp\/v2\/types\/page"}],"author":[{"embeddable":true,"href":"https:\/\/digestivointegral.es\/index.php\/wp-json\/wp\/v2\/users\/2"}],"replies":[{"embeddable":true,"href":"https:\/\/digestivointegral.es\/index.php\/wp-json\/wp\/v2\/comments?post=696"}],"version-history":[{"count":16,"href":"https:\/\/digestivointegral.es\/index.php\/wp-json\/wp\/v2\/pages\/696\/revisions"}],"predecessor-version":[{"id":1705,"href":"https:\/\/digestivointegral.es\/index.php\/wp-json\/wp\/v2\/pages\/696\/revisions\/1705"}],"up":[{"embeddable":true,"href":"https:\/\/digestivointegral.es\/index.php\/wp-json\/wp\/v2\/pages\/396"}],"wp:featuredmedia":[{"embeddable":true,"href":"https:\/\/digestivointegral.es\/index.php\/wp-json\/wp\/v2\/media\/701"}],"wp:attachment":[{"href":"https:\/\/digestivointegral.es\/index.php\/wp-json\/wp\/v2\/media?parent=696"}],"curies":[{"name":"wp","href":"https:\/\/api.w.org\/{rel}","templated":true}]}}