{"id":839,"date":"2015-03-30T00:45:35","date_gmt":"2015-03-30T00:45:35","guid":{"rendered":"http:\/\/digestivointegral.es\/?page_id=839"},"modified":"2026-01-25T16:51:19","modified_gmt":"2026-01-25T16:51:19","slug":"biofeedback-anorrectal","status":"publish","type":"page","link":"https:\/\/digestivointegral.es\/index.php\/nuestra-cartera-de-servicios\/biofeedback-anorrectal\/","title":{"rendered":"Biofeedback anorrectal"},"content":{"rendered":"<p><span style=\"color: #333399; font-size: 12pt;\"><strong>\u00bfQu\u00e9 es y para que sirve?<\/strong><\/span><\/p>\n<p>El biofeedback es un m\u00e9todo de aprendizaje o rehabilitaci\u00f3n que se puede utilizar en el tratamiento de determinados tipos de estre\u00f1imiento e incontinencia (escapes de gas y heces). Tambi\u00e9n&nbsp;puede ser&nbsp;\u00fatil en el ensuciamiento o encopresis, dolor anal funcional y alteraciones del suelo p\u00e9lvico (perin\u00e9 descendente con\/sin prolapso con\/sin rectocele).<\/p>\n<p>&nbsp;<\/p>\n<p><span style=\"color: #333399; font-size: 12pt;\"><strong>\u00bfCu\u00e1ndo se realiza?<\/strong><\/span><\/p>\n<p>Inicialmente&nbsp;el paciente precisa una valoraci\u00f3n cl\u00ednica completa de su sintomatolog\u00eda, siendo necesaria siempre&nbsp;una manometr\u00eda anorrrectal previa. Una vez identificada la causa del problema se decide si el biofeedback es o no el tratamiento a seguir.<\/p>\n<p>&nbsp;<\/p>\n<p><span style=\"color: #333399; font-size: 12pt;\"><strong>&nbsp;\u00bfEs \u00fatil en el estre\u00f1imiento?<\/strong><\/span>&lt;\/&gt;<\/p>\n<p>En general se puede decir que es \u00fatil en casi todos los pacientes con estre\u00f1imiento cr\u00f3nico funcional, sobre todo cuando lo que domina es la dificultad para expulsar las heces (por problemas del suelo p\u00e9lvico o anismo). Cuando existe falta de necesidad defecatoria por problemas en la sensibilidad rectal el biofeedback tiene un porcentaje de \u00e9xito m\u00e1s bajo, pero tambi\u00e9n se puede intentar.<\/p>\n<p>&nbsp;<\/p>\n<p><span style=\"color: #333399; font-size: 12pt;\"><strong>&nbsp;\u00bfEs \u00fatil en la incontinencia?<\/strong><\/span><\/p>\n<p>Si, en todos los tipos de incontinencia, pero sobre todo cuando domina falta de fuerza en la musculatura anal; en estos casos el biofeedback&nbsp;mejora los escapes hasta en un 80% de las ocasiones. Si adem\u00e1s se asocia un problema de sensibilidad rectal se puede tambi\u00e9n intentar, aunque el porcentaje de \u00e9xito disminuye.<\/p>\n<p>&nbsp;<\/p>\n<p><span style=\"color: #333399; font-size: 12pt;\"><strong>&nbsp;\u00bfEn qu\u00e9 otros procesos puede ser \u00fatil?<\/strong><\/span><\/p>\n<p>En la encopresis del ni\u00f1o o adulto (ensuciamiento) y en el dolor rectal de origen funcional. Tambi\u00e9n se usa para reforzar la musculatura en los problemas del suelo p\u00e9lvico, se asocie o no prolapso y\/o rectocele.<\/p>\n<p>&nbsp;<\/p>\n<p><span style=\"color: #333399; font-size: 12pt;\"><strong>&nbsp;\u00bfC\u00f3mo se realiza?<\/strong><\/span><\/p>\n<p>&nbsp;<\/p>\n<p>En nuestra consulta se realizan ejercicios dise\u00f1ados por el m\u00e9dico y siempre seg\u00fan las necesidades de cada paciente. \u00c9stos, son guiados por un ordenador con software espec\u00edfico y el paciente los controla con una sonda de manometr\u00eda anorrectal que transmite la presi\u00f3n.<\/p>\n<p>En general se requiere venir a la consulta en 3 o 4 ocasiones. Las sesiones duran unos 30 minutos y se realiza generalmente una sesi\u00f3n por semana.<\/p>\n<p>Entre visita y visita el paciente hace ejercicios en su domicilio, generalmente&nbsp;unos 5&nbsp;minutos dos o tres veces al d\u00eda, aunque estos tambi\u00e9n se individualizan seg\u00fan la necesidad de cada uno.<\/p>\n<p>Adem\u00e1s el m\u00e9dico suele poner y ajustar la medicaci\u00f3n necesaria para que el tratamiento sea m\u00e1s eficaz.<\/p>\n<p><span style=\"font-size: 12pt; color: #333399;\"><strong><img loading=\"lazy\" decoding=\"async\" class=\"alignnone wp-image-842 size-medium\" src=\"http:\/\/digestivointegral.es\/wp-content\/uploads\/2015\/03\/bio3-300x190.jpg\" alt=\"bio3\" width=\"300\" height=\"190\" srcset=\"https:\/\/digestivointegral.es\/wp-content\/uploads\/2015\/03\/bio3-300x190.jpg 300w, https:\/\/digestivointegral.es\/wp-content\/uploads\/2015\/03\/bio3.jpg 677w\" sizes=\"auto, (max-width: 300px) 100vw, 300px\" \/>&nbsp;&nbsp;<img loading=\"lazy\" decoding=\"async\" class=\"alignnone wp-image-840 size-medium\" src=\"http:\/\/digestivointegral.es\/wp-content\/uploads\/2015\/03\/bio2-300x190.jpg\" alt=\"bio2\" width=\"300\" height=\"190\" srcset=\"https:\/\/digestivointegral.es\/wp-content\/uploads\/2015\/03\/bio2-300x190.jpg 300w, https:\/\/digestivointegral.es\/wp-content\/uploads\/2015\/03\/bio2.jpg 677w\" sizes=\"auto, (max-width: 300px) 100vw, 300px\" \/>&nbsp;<\/strong><\/span><\/p>\n<p>&nbsp;<\/p>\n<p><span style=\"font-size: 12pt; color: #333399;\"><strong>\u00bfExisten contraindicaciones o efectos secundarios?, \u00bfes molesta o dolorosa?.<\/strong><\/span><\/p>\n<p>No existen contraindicaciones absolutas y se puede realizar pr\u00e1cticamente en todos los pacientes, sea cual sea su edad y estado f\u00edsico. Pero se precisan unas m\u00ednimas condiciones funcionales (m\u00ednima fuerza continente y aceptable&nbsp;sensibilidad rectal) y un suficiente nivel de colaboraci\u00f3n y motivaci\u00f3n por parte del paciente (no es realizable en pacientes con alteraciones del nivel de consciencia o deterioro cognitivo relevante).<\/p>\n<p>Esta exploraci\u00f3n se realiza con la misma t\u00e9cnica de la manometr\u00eda anorrectal y por tanto no es dolorosa, tan solo puede notarse un poco de tenesmo en alg\u00fan momento del estudio (ganas de defecar), pero este suele ser transitorio y poco intenso.<\/p>\n<p>Esta exploraci\u00f3n carece de riesgos relevantes, siendo el sangrado anal y la perforaci\u00f3n rectal complicaciones excepcionales.<\/p>\n<p>&nbsp;<\/p>\n<p><span style=\"color: #333399; font-size: 12pt;\"><strong>Indicaciones:<\/strong><\/span><\/p>\n<ul>\n<li>Estre\u00f1imiento cr\u00f3nico (sobre todo distal por dificultad expulsiva o alteraci\u00f3n de la sensibilidad rectal)<\/li>\n<li>&nbsp;Incontinencia&nbsp;anal (a heces y\/o gas)<\/li>\n<li>&nbsp;Dolor anal de origen funcional<\/li>\n<li>&nbsp;Encopresis (ensuciamiento del ni\u00f1o y adulto)<\/li>\n<li>&nbsp;Problemas musculares del suelo p\u00e9lvico, perin\u00e9 descendente con\/sin&nbsp;rectocele con\/sin prolapso.<\/li>\n<\/ul>\n<p>&nbsp;<\/p>\n<p><strong><a href=\"https:\/\/digestivointegral.es\/wp-content\/uploads\/2026\/01\/Consentimiento-Biofeedback.pdf\"><br><img loading=\"lazy\" decoding=\"async\" class=\"alignnone wp-image-1681 alignleft\" src=\"http:\/\/digestivointegral.es\/wp-content\/uploads\/2026\/01\/descarga_pdf.jpg\" alt=\"\" width=\"50\" height=\"53\"> <\/a><\/strong><\/p>\n<p>&nbsp;<\/p>\n<p style=\"text-align: left;\">(Descarga informaci\u00f3n para el paciente y consentimiento informado)<\/p>\n<p>&nbsp;<\/p>\n\n\n<p><\/p>\n","protected":false},"excerpt":{"rendered":"<p>\u00bfQu\u00e9 es y para que sirve? El biofeedback es un m\u00e9todo de aprendizaje o rehabilitaci\u00f3n que se puede utilizar en el tratamiento de determinados tipos de estre\u00f1imiento e incontinencia (escapes de gas y heces). Tambi\u00e9n&nbsp;puede ser&nbsp;\u00fatil en el ensuciamiento o encopresis, dolor anal funcional y alteraciones del suelo p\u00e9lvico (perin\u00e9 descendente con\/sin prolapso con\/sin rectocele). &hellip; <\/p>\n<p><a class=\"more-link block-button\" href=\"https:\/\/digestivointegral.es\/index.php\/nuestra-cartera-de-servicios\/biofeedback-anorrectal\/\">Continuar leyendo &raquo;<\/a><\/p>\n","protected":false},"author":2,"featured_media":842,"parent":396,"menu_order":0,"comment_status":"open","ping_status":"open","template":"","meta":{"ngg_post_thumbnail":0,"footnotes":""},"class_list":["post-839","page","type-page","status-publish","has-post-thumbnail","hentry","nodate"],"_links":{"self":[{"href":"https:\/\/digestivointegral.es\/index.php\/wp-json\/wp\/v2\/pages\/839","targetHints":{"allow":["GET"]}}],"collection":[{"href":"https:\/\/digestivointegral.es\/index.php\/wp-json\/wp\/v2\/pages"}],"about":[{"href":"https:\/\/digestivointegral.es\/index.php\/wp-json\/wp\/v2\/types\/page"}],"author":[{"embeddable":true,"href":"https:\/\/digestivointegral.es\/index.php\/wp-json\/wp\/v2\/users\/2"}],"replies":[{"embeddable":true,"href":"https:\/\/digestivointegral.es\/index.php\/wp-json\/wp\/v2\/comments?post=839"}],"version-history":[{"count":27,"href":"https:\/\/digestivointegral.es\/index.php\/wp-json\/wp\/v2\/pages\/839\/revisions"}],"predecessor-version":[{"id":1696,"href":"https:\/\/digestivointegral.es\/index.php\/wp-json\/wp\/v2\/pages\/839\/revisions\/1696"}],"up":[{"embeddable":true,"href":"https:\/\/digestivointegral.es\/index.php\/wp-json\/wp\/v2\/pages\/396"}],"wp:featuredmedia":[{"embeddable":true,"href":"https:\/\/digestivointegral.es\/index.php\/wp-json\/wp\/v2\/media\/842"}],"wp:attachment":[{"href":"https:\/\/digestivointegral.es\/index.php\/wp-json\/wp\/v2\/media?parent=839"}],"curies":[{"name":"wp","href":"https:\/\/api.w.org\/{rel}","templated":true}]}}