{"id":896,"date":"2015-03-30T11:05:31","date_gmt":"2015-03-30T11:05:31","guid":{"rendered":"http:\/\/digestivointegral.es\/?page_id=896"},"modified":"2017-01-03T19:05:41","modified_gmt":"2017-01-03T19:05:41","slug":"electromodulacion-tibial-posterior","status":"publish","type":"page","link":"https:\/\/digestivointegral.es\/index.php\/nuestra-cartera-de-servicios\/electromodulacion-tibial-posterior\/","title":{"rendered":"Electromodulaci\u00f3n tibial posterior"},"content":{"rendered":"<p>&nbsp;<\/p>\n<p><span style=\"font-size: 12pt; color: #333399;\"><strong>\u00bfQu\u00e9 es y para qu\u00e9 sirve?<\/strong><\/span><\/p>\n<p>El nervio tibial posterior tiene origen en las raices sacras S2 a S4, nacimiento tambi\u00e9n de todos los nervios que controlan la actividad de la vejiga urinaria, ano y suelo p\u00e9lvico.<\/p>\n<p>La t\u00e9cnica se basa en estimular y neuromodular el nervio tibial posterior \u00a0a trav\u00e9s de peque\u00f1os electrodos en la piel lo que, de forma retrograda, tambi\u00e9n estimular\u00e1 todas las estructuras p\u00e9lvicas antes descritas.<\/p>\n<p>&nbsp;<\/p>\n<p><span style=\"color: #333399; font-size: 12pt;\"><strong>\u00bfCuando se realiza?<\/strong><\/span><\/p>\n<p>Inicialmente\u00a0el paciente precisa una valoraci\u00f3n cl\u00ednica individualizada, as\u00ed como en muchas ocasiones otras t\u00e9cnicas de diagn\u00f3stico complementarias.<\/p>\n<p>En general estar\u00e1 indicado en la vejiga neur\u00f3gena, incontinecia urinaria, incontinencia anal y dolor cr\u00f3nico del suelo p\u00e9lvico, as\u00ed como en el estre\u00f1imiento cr\u00f3nico distal y prolapso, generalmente cuando el paciente no responde a f\u00e1rmacos y\/o biofeedback.<\/p>\n<p>&nbsp;<\/p>\n<p><span style=\"font-size: 12pt; color: #333399;\"><strong>\u00bfEs \u00fatil la vejiga neur\u00f3gena y en la incontiencia urinaria?<\/strong><\/span><\/p>\n<p>Existen dos formas de vejiga neur\u00f3gena. En la forma hiperactiva se acompa\u00f1a de peque\u00f1as micciones muy frecuentes, sensaci\u00f3n de evacuaci\u00f3n incompleta e incontinencia por urgencia. En la forma hipoactiva produce retenci\u00f3n urinaria, dificultad para iniciar el vaciado, sensaci\u00f3n de evacuaci\u00f3n incompleta e incontinencia por rebosamiento. En cada caso el Urologo, tras descartar otras causas, es el que tiene que decidir el tratamiento a seguir. La neuromodulaci\u00f3n es uno de ellos y seg\u00fan las \u00faltimas series analizadas la mejor\u00eda subjetiva est\u00e1 en torno a un 60-80% de los pacientes tratados.<\/p>\n<p>&nbsp;<\/p>\n<p><span style=\"color: #333399; font-size: 12pt;\"><strong>\u00bfEs \u00fatil en la incontinencia anal y dolor perineal cr\u00f3nico?<\/strong><\/span><\/p>\n<p>Seg\u00fan en las \u00faltimas series publicadas la mejor\u00eda sintom\u00e1tica de la incontinencia anal es del 60-70%.<\/p>\n<p>Con respecto al dolor perineal cr\u00f3nico y dispareunia (dolor vaginal durante el coito) se necesitan m\u00e1s trabajos, pero los resultados iniciales son esperanzadores para estos pacientes.<\/p>\n<p>&nbsp;<\/p>\n<p><span style=\"font-size: 12pt; color: #333399;\"><strong>\u00bfEs \u00fatil en el estre\u00f1imiento y prolapso?<\/strong><\/span><\/p>\n<p>En determinadas formas de estre\u00f1imiento y sobre todo cuando existe refractariedad o otros tratamientos, la neuromodulaci\u00f3n puede ser \u00fatil, sobre todo en aquellas situaciones en las que existen alteraciones en el piso p\u00e9lvico. A\u00fan queda por definir completamente su utilidad, pero parece que los resultados son prometedores.<\/p>\n<p>&nbsp;<\/p>\n<p><span style=\"color: #333399; font-size: 12pt;\"><strong>\u00bf Existen otras posibles aplicaciones, como en el tratamiento de la fisura anal?<\/strong><\/span><\/p>\n<p>Trabajos recientes indican que podr\u00eda ser \u00fatil en el <a href=\"http:\/\/funcionales.es\/electroestimulacion-tibial-posterior-y-fisura-anal-cronica\/\">tratamiento de la fisura anal cr\u00f3nica y refractaria al tratamiento m\u00e9dico<\/a>.<\/p>\n<p>&nbsp;<\/p>\n<p><span style=\"color: #333399; font-size: 12pt;\"><strong>\u00bfC\u00f3mo se realiza?<\/strong><\/span><\/p>\n<p>En nuestra consulta y de forma totalmente ambulatoria, sin que se precis\u00e9 preparaci\u00f3n previa. Se colocan dos peque\u00f1os parches en una pierna que se conectan a un aparato de neuromodulaci\u00f3n especialmente dise\u00f1ado para este tipo de tratamiento. Este generar\u00e1 peque\u00f1as corrientes el\u00e9ctricas generalmente imperceptibles y en todo caso indoloras, que contraer\u00e1n los m\u00fasculos de la zonas a tratar seg\u00fan el programa prefijado por el m\u00e9dico. Cada sesi\u00f3n dura unos 20 a 30 minutos y se repetir\u00e1n generalmente de forma semanal. En total se requieren unas 4 a 6 sesiones para encontrar clara mejor\u00eda y el tratamiento durar\u00e1 un total de 10 a 12 sesiones como m\u00e1ximo, aunque en caso necesario se pueden prolongar.<\/p>\n<p>En ocasiones se usar\u00e1n sondas electrodos que, dependiendo de la patolog\u00eda a tratar, se colocar\u00e1n directamente en la vagina o ano.<\/p>\n<p>Adem\u00e1s el m\u00e9dico puede prescribirle o ajustar la medicaci\u00f3n necesaria para que el tratamiento sea m\u00e1s eficaz.<\/p>\n<p><a href=\"http:\/\/digestivointegral.es\/wp-content\/uploads\/2015\/03\/Electroestimulacion.jpg\"><img loading=\"lazy\" decoding=\"async\" class=\" wp-image-904 alignleft\" src=\"http:\/\/digestivointegral.es\/wp-content\/uploads\/2015\/03\/Electroestimulacion-300x223.jpg\" alt=\"Electroestimulacion\" width=\"300\" height=\"223\" srcset=\"https:\/\/digestivointegral.es\/wp-content\/uploads\/2015\/03\/Electroestimulacion-300x223.jpg 300w, https:\/\/digestivointegral.es\/wp-content\/uploads\/2015\/03\/Electroestimulacion.jpg 410w\" sizes=\"auto, (max-width: 300px) 100vw, 300px\" \/><\/p>\n<p><iframe loading=\"lazy\" src=\"http:\/\/www.youtube.com\/embed\/CXeMdRaRATU\" width=\"300\" height=\"228\" frameborder=\"0\"><\/iframe><\/a><\/p>\n<p>&nbsp;<\/p>\n<p><span style=\"color: #333399; font-size: 12pt;\"><strong>\u00bfExisten contraindicaciones o efectos secundarios?, \u00bfes molesta o dolorosa?.<\/strong><\/span><\/p>\n<p>Debe evitarse en pacientes con marcapasos y desfibriladores, cuando existe epilepsia, en el embarazo, en ni\u00f1os peque\u00f1os y en los pacientes con tratamiento anticoagulante.<\/p>\n<p>En los pacientes con insuficiencia venosa importante o heridas en miembros inferiores tampoco es aconsejable el uso de electrodos pero si se podr\u00e1 usar con sondas rectales o vaginales.<\/p>\n<p>Con las debidas precauciones podemos decir que no presenta efectos secundarios reconocidos \u00a0y no es dolorosa.<\/p>\n<p>&nbsp;<\/p>\n<p><span style=\"color: #333399; font-size: 12pt;\"><strong>Indicaciones:<\/strong><\/span><\/p>\n<ul>\n<li>Vejiga neur\u00f3gena e incontinencia urinaria, que no ha mejorado con f\u00e1rmacos.<\/li>\n<li><a href=\"http:\/\/funcionales.es\/monografias\/incontinencia-anal\/\">Incontinencia anal<\/a>, sobre todo aquella que no ha mejorado con <a href=\"http:\/\/funcionales.es\/exploraciones-y-pruebas\/biofeedback-anorrectal\/\">biofeedback<\/a>.<\/li>\n<li><a href=\"http:\/\/funcionales.es\/monografias\/dolor-anal-cronico-funcional-proctalgia-cronica\/\">Dolor anal o perineal cr\u00f3nico<\/a> (incluida la dispareunia), refractario a otros tratamientos.<\/li>\n<li>Estre\u00f1imiento cr\u00f3nico distal con\/sin prolapso, que no mejora suficientemente con medicaci\u00f3n ni con biofeedback.<\/li>\n<li><a href=\"http:\/\/funcionales.es\/electroestimulacion-tibial-posterior-y-fisura-anal-cronica\/\">Fisura anal cr\u00f3nica refractaria a tratamiento m\u00e9dico<\/a>.<\/li>\n<\/ul>\n","protected":false},"excerpt":{"rendered":"<p>&nbsp; \u00bfQu\u00e9 es y para qu\u00e9 sirve? El nervio tibial posterior tiene origen en las raices sacras S2 a S4, nacimiento tambi\u00e9n de todos los nervios que controlan la actividad de la vejiga urinaria, ano y suelo p\u00e9lvico. La t\u00e9cnica se basa en estimular y neuromodular el nervio tibial posterior \u00a0a trav\u00e9s de peque\u00f1os electrodos &hellip; <\/p>\n<p><a class=\"more-link block-button\" href=\"https:\/\/digestivointegral.es\/index.php\/nuestra-cartera-de-servicios\/electromodulacion-tibial-posterior\/\">Continuar leyendo &raquo;<\/a><\/p>\n","protected":false},"author":2,"featured_media":904,"parent":396,"menu_order":0,"comment_status":"open","ping_status":"open","template":"","meta":{"ngg_post_thumbnail":0,"footnotes":""},"class_list":["post-896","page","type-page","status-publish","has-post-thumbnail","hentry","nodate"],"_links":{"self":[{"href":"https:\/\/digestivointegral.es\/index.php\/wp-json\/wp\/v2\/pages\/896","targetHints":{"allow":["GET"]}}],"collection":[{"href":"https:\/\/digestivointegral.es\/index.php\/wp-json\/wp\/v2\/pages"}],"about":[{"href":"https:\/\/digestivointegral.es\/index.php\/wp-json\/wp\/v2\/types\/page"}],"author":[{"embeddable":true,"href":"https:\/\/digestivointegral.es\/index.php\/wp-json\/wp\/v2\/users\/2"}],"replies":[{"embeddable":true,"href":"https:\/\/digestivointegral.es\/index.php\/wp-json\/wp\/v2\/comments?post=896"}],"version-history":[{"count":17,"href":"https:\/\/digestivointegral.es\/index.php\/wp-json\/wp\/v2\/pages\/896\/revisions"}],"predecessor-version":[{"id":1305,"href":"https:\/\/digestivointegral.es\/index.php\/wp-json\/wp\/v2\/pages\/896\/revisions\/1305"}],"up":[{"embeddable":true,"href":"https:\/\/digestivointegral.es\/index.php\/wp-json\/wp\/v2\/pages\/396"}],"wp:featuredmedia":[{"embeddable":true,"href":"https:\/\/digestivointegral.es\/index.php\/wp-json\/wp\/v2\/media\/904"}],"wp:attachment":[{"href":"https:\/\/digestivointegral.es\/index.php\/wp-json\/wp\/v2\/media?parent=896"}],"curies":[{"name":"wp","href":"https:\/\/api.w.org\/{rel}","templated":true}]}}