{"id":947,"date":"2015-04-03T16:21:39","date_gmt":"2015-04-03T16:21:39","guid":{"rendered":"http:\/\/digestivointegral.es\/?page_id=947"},"modified":"2026-01-25T13:26:13","modified_gmt":"2026-01-25T13:26:13","slug":"quienes-somos-2","status":"publish","type":"page","link":"https:\/\/digestivointegral.es\/index.php\/quienes-somos-2\/","title":{"rendered":"Quienes somos"},"content":{"rendered":"<div style=\"display: flex; gap: 20px; flex-wrap: wrap;\">\n<div style=\"flex: 1; min-width: 280px;\">\n<h1><\/h1>\n<hr>\n<h1><a href=\"http:\/\/digestivointegral.es\/wp-content\/uploads\/2026\/01\/DI-drsuarez.jpg\"><img loading=\"lazy\" decoding=\"async\" class=\"alignnone wp-image-1569 size-full\" src=\"http:\/\/digestivointegral.es\/wp-content\/uploads\/2026\/01\/DI-drsuarez.jpg\" alt=\"\" width=\"1024\" height=\"1024\" srcset=\"https:\/\/digestivointegral.es\/wp-content\/uploads\/2026\/01\/DI-drsuarez.jpg 1024w, https:\/\/digestivointegral.es\/wp-content\/uploads\/2026\/01\/DI-drsuarez-300x300.jpg 300w, https:\/\/digestivointegral.es\/wp-content\/uploads\/2026\/01\/DI-drsuarez-150x150.jpg 150w, https:\/\/digestivointegral.es\/wp-content\/uploads\/2026\/01\/DI-drsuarez-768x768.jpg 768w\" sizes=\"auto, (max-width: 1024px) 100vw, 1024px\" \/><\/a><span style=\"color: #4378be;\">Dr. Jos\u00e9 Francisco Su\u00e1rez Crespo<\/span><\/h1>\n<h4>M\u00e9dico especialista en Aparato Digestivo &#8211;<br \/>\nNeurogastroenterolog\u00eda &#8211;<br \/>\nExploraciones Digestivas Funcionales<\/h4>\n<p>&nbsp;&nbsp;<\/p>\n<h1><a href=\"http:\/\/digestivointegral.es\/wp-content\/uploads\/2026\/01\/DImariluz-gloria.jpg\"><img loading=\"lazy\" decoding=\"async\" class=\"alignnone wp-image-1542 size-full\" src=\"http:\/\/digestivointegral.es\/wp-content\/uploads\/2026\/01\/DImariluz-gloria.jpg\" alt=\"\" width=\"1029\" height=\"1029\" srcset=\"https:\/\/digestivointegral.es\/wp-content\/uploads\/2026\/01\/DImariluz-gloria.jpg 1029w, https:\/\/digestivointegral.es\/wp-content\/uploads\/2026\/01\/DImariluz-gloria-300x300.jpg 300w, https:\/\/digestivointegral.es\/wp-content\/uploads\/2026\/01\/DImariluz-gloria-1024x1024.jpg 1024w, https:\/\/digestivointegral.es\/wp-content\/uploads\/2026\/01\/DImariluz-gloria-150x150.jpg 150w, https:\/\/digestivointegral.es\/wp-content\/uploads\/2026\/01\/DImariluz-gloria-768x768.jpg 768w\" sizes=\"auto, (max-width: 1029px) 100vw, 1029px\" \/><\/a><span style=\"color: #4378be;\">Sra. Mariluz L\u00f3pez S\u00e1nchez y Sra. Gloria Bocanegra Mart\u00edn<\/span><\/h1>\n<h4>Personal Auxiliar de Enfermer\u00eda y administrativo<\/h4>\n<p>&nbsp;&nbsp;<\/p>\n<hr>\n<\/div>\n<div style=\"flex: 1; min-width: 280px;\">\n<h2><strong>Formaci\u00f3n acad\u00e9mica:<\/strong><\/h2>\n<h4>T\u00edtulo de Licenciado en Medicina y Cirug\u00eda en 1986 (estudios en la Facultad de Medicina de C\u00f3rdoba desde 1980 a 1986).<\/h4>\n<h4>T\u00edtulo de M\u00e9dico Especialista en Aparato Digestivo en 1996 (MIR en Hospital Virgen de las Nieves, Granada, 1992 a 1995).<\/h4>\n<h4>Cursos de Doctorado por la Universidad de Granada (Suficiencia investigadora en 1994)<\/h4>\n<h4><\/h4>\n<p>&nbsp;<\/p>\n<h2><strong>Actividad profesional:<\/strong><\/h2>\n<h4>Facultativo Especialista en Aparato Digestivo. Unidad de Pruebas Funcionales Digestivas. Hospital Universitario Virgen de las Nieves de Granada desde Marzo de 2021 hasta la fecha<\/h4>\n<h4>Creador y responsable de la Unidad de Exploraciones Funcionales del Aparato Digestivo del Hospital Universitario Torrec\u00e1rdenas de Almer\u00eda desde 1997 hasta Febrero de 2021<\/h4>\n<h4>M\u00e9dico Especialista en Aparato Digestivo en el Hospital Mediterr\u00e1neode Almer\u00eda desde 2004 hasta la actualidad<\/h4>\n<h4>Creador y responsable de la Unidad de Exploraciones Digestivas Funcionalesdel Hospital Mediterr\u00e1neo de Almer\u00eda desde 2004 hasta la actualidad<\/h4>\n<h4>M\u00e9dico Especialista en Aparato Digestivo en el Centro Digestivo Integral de Granada desde 2014 hasta la actualidad<\/h4>\n<h4>Creador y responsable de la Unidad de Exploraciones Digestivas Funcionales en Centro Digestivo Integral de Granada desde 2014 hasta la actualidad<\/h4>\n<h4>Responsable Unidad Exploraciones Funcionales Digestivas en Hospital USP Marbella durante el a\u00f1o 2010<\/h4>\n<h4>Colaborador en la Unidad de Exploraciones Digestivas Funcionales del Instituto de las Enfermedades Digestivas de Marbella en 2014<\/h4>\n<h4>Responsable Unidad de Exploraciones Funcionales Digestivas Hospital Universitario Virgen de las Nieves de Granada desde Marzo de 2021<\/h4>\n<h4><\/h4>\n<p>&nbsp;<\/p>\n<h2><strong>Actividad cient\u00edfica:<\/strong><\/h2>\n<h4>M\u00faltiples publicaciones en libros y revistas cient\u00edficas nacionales y extranjeras de la especialidad desde 1992<\/h4>\n<h4>M\u00faltiples comunicaciones en reuniones cient\u00edficas y congresos de la especialidad desde 1992, as\u00ed como la participaci\u00f3n activa como moderador y ponente invitado en algunas de ellas<\/h4>\n<h4>Participaci\u00f3n en la organizaci\u00f3n de varias jornadas y reuniones cient\u00edficas de la especialidad<\/h4>\n<h4>Formador de m\u00e9dicos y cirujanos de la especialidad en el \u00e1mbito de las exploraciones funcionales digestivas<\/h4>\n<h4>Miembro de las sociedades cient\u00edficas <a href=\"http:\/\/www.sapd.es\/\">SAPD<\/a>,&nbsp;<a href=\"http:\/\/www.sepd.es\/\">SEPD<\/a>,&nbsp;<a href=\"http:\/\/www.asenem.org\/\">ASENEM<\/a>&nbsp;y&nbsp;<a href=\"http:\/\/www.esnm.eu\/index.php\">ESNM<\/a><\/h4>\n<h4>Ha sido vocal durante 12 a\u00f1os de la Junta Directiva de la <a href=\"http:\/\/www.sapd.es\/\">SAPD<\/a><\/h4>\n<h4>Es asesor cient\u00edfico y ha sido subdirector de <a href=\"http:\/\/www.sapd.es\/revista\/inicio.php\">RAPDonline<\/a><\/h4>\n<h4>Es vocal desde hace 13 a\u00f1os de la Junta Directiva de la <a href=\"http:\/\/www.asenem.org\/\">ASENEM<\/a><\/h4>\n<\/div>\n<\/div>\n","protected":false},"excerpt":{"rendered":"<p>Dr. Jos\u00e9 Francisco Su\u00e1rez Crespo M\u00e9dico especialista en Aparato Digestivo &#8211; Neurogastroenterolog\u00eda &#8211; Exploraciones Digestivas Funcionales &nbsp;&nbsp; Sra. Mariluz L\u00f3pez S\u00e1nchez y Sra. Gloria Bocanegra Mart\u00edn Personal Auxiliar de Enfermer\u00eda y administrativo &nbsp;&nbsp; Formaci\u00f3n acad\u00e9mica: T\u00edtulo de Licenciado en Medicina y Cirug\u00eda en 1986 (estudios en la Facultad de Medicina de C\u00f3rdoba desde 1980 a &hellip; <\/p>\n<p><a class=\"more-link block-button\" href=\"https:\/\/digestivointegral.es\/index.php\/quienes-somos-2\/\">Continuar leyendo &raquo;<\/a><\/p>\n","protected":false},"author":2,"featured_media":385,"parent":0,"menu_order":0,"comment_status":"closed","ping_status":"open","template":"template-onecolumn.php","meta":{"ngg_post_thumbnail":0,"footnotes":""},"class_list":["post-947","page","type-page","status-publish","has-post-thumbnail","hentry","nodate"],"_links":{"self":[{"href":"https:\/\/digestivointegral.es\/index.php\/wp-json\/wp\/v2\/pages\/947","targetHints":{"allow":["GET"]}}],"collection":[{"href":"https:\/\/digestivointegral.es\/index.php\/wp-json\/wp\/v2\/pages"}],"about":[{"href":"https:\/\/digestivointegral.es\/index.php\/wp-json\/wp\/v2\/types\/page"}],"author":[{"embeddable":true,"href":"https:\/\/digestivointegral.es\/index.php\/wp-json\/wp\/v2\/users\/2"}],"replies":[{"embeddable":true,"href":"https:\/\/digestivointegral.es\/index.php\/wp-json\/wp\/v2\/comments?post=947"}],"version-history":[{"count":141,"href":"https:\/\/digestivointegral.es\/index.php\/wp-json\/wp\/v2\/pages\/947\/revisions"}],"predecessor-version":[{"id":1668,"href":"https:\/\/digestivointegral.es\/index.php\/wp-json\/wp\/v2\/pages\/947\/revisions\/1668"}],"wp:featuredmedia":[{"embeddable":true,"href":"https:\/\/digestivointegral.es\/index.php\/wp-json\/wp\/v2\/media\/385"}],"wp:attachment":[{"href":"https:\/\/digestivointegral.es\/index.php\/wp-json\/wp\/v2\/media?parent=947"}],"curies":[{"name":"wp","href":"https:\/\/api.w.org\/{rel}","templated":true}]}}